{"id":1116,"date":"2023-01-11T09:54:40","date_gmt":"2023-01-11T08:54:40","guid":{"rendered":"https:\/\/rijekaoutdoor.com\/?page_id=1116"},"modified":"2023-03-14T23:28:05","modified_gmt":"2023-03-14T22:28:05","slug":"o-regiji","status":"publish","type":"page","link":"https:\/\/rijekaoutdoor.com\/o-regiji\/","title":{"rendered":"O regiji"},"content":{"rendered":"\n<h2 class=\"wp-block-heading\">Rijeka i prsten<\/h2>\n\n\n\n<p>Rijeka i Rije\u010dki prsten sa\u010dinjavaju jedinstvenu regiju koja iznena\u0111uje svojom prirodnom, povijesnom i kulturnom raznoliko\u0161\u0107u. Ugodna mediteranska klima je u mnogo\u010demu oblikovala nekada\u0161nji kraljevski grad Bakar, va\u017enu industrijsku luku Rijeku te \u0161armantna primorska mjesta Kraljevicu i Kostrenu, a blaga je kontinentalna klima doprinijela \u0161umovitosti Jelenja, Klane, Kastva, Vi\u0161kova i \u010cavala. U istome je danu mogu\u0107e popeti se na planinske vrhove popularnih Grobni\u010dkih Alpi, ali i spustiti se na jednu od brojnih pla\u017ea na potezu izme\u0111u Rijeke i Kraljevice. Vizure travnatih padina, Jadranskoga mora te gradi\u0107a smje\u0161tenih na bre\u017euljcima Rije\u010dkoga prstena isprepli\u0107u se s urbanom vrevom grada Rijeke.<\/p>\n\n\n\n<figure class=\"wp-block-gallery has-nested-images columns-default is-cropped gallery-wrapper wp-block-gallery-1 is-layout-flex wp-block-gallery-is-layout-flex\">\n<figure class=\"wp-block-image size-large\"><img loading=\"lazy\" decoding=\"async\" width=\"1920\" height=\"1281\" data-id=\"1015\" src=\"https:\/\/rijekaoutdoor.com\/cms\/wp-content\/uploads\/2022\/03\/kostrena-stara-voda.jpg\" alt=\"kostrena-stara-voda\" class=\"wp-image-1015\" srcset=\"https:\/\/rijekaoutdoor.com\/cms\/wp-content\/uploads\/2022\/03\/kostrena-stara-voda.jpg 1920w, https:\/\/rijekaoutdoor.com\/cms\/wp-content\/uploads\/2022\/03\/kostrena-stara-voda-1280x854.jpg 1280w, https:\/\/rijekaoutdoor.com\/cms\/wp-content\/uploads\/2022\/03\/kostrena-stara-voda-768x512.jpg 768w, https:\/\/rijekaoutdoor.com\/cms\/wp-content\/uploads\/2022\/03\/kostrena-stara-voda-1536x1025.jpg 1536w\" sizes=\"auto, (max-width: 1920px) 100vw, 1920px\" \/><\/figure>\n\n\n\n<figure class=\"wp-block-image size-large\"><img loading=\"lazy\" decoding=\"async\" width=\"1920\" height=\"1278\" data-id=\"1013\" src=\"https:\/\/rijekaoutdoor.com\/cms\/wp-content\/uploads\/2022\/02\/rijeka-bazeni-kantrida.jpg\" alt=\"rijeka-bazeni-kantrida\" class=\"wp-image-1013\" srcset=\"https:\/\/rijekaoutdoor.com\/cms\/wp-content\/uploads\/2022\/02\/rijeka-bazeni-kantrida.jpg 1920w, https:\/\/rijekaoutdoor.com\/cms\/wp-content\/uploads\/2022\/02\/rijeka-bazeni-kantrida-1280x852.jpg 1280w, https:\/\/rijekaoutdoor.com\/cms\/wp-content\/uploads\/2022\/02\/rijeka-bazeni-kantrida-768x511.jpg 768w, https:\/\/rijekaoutdoor.com\/cms\/wp-content\/uploads\/2022\/02\/rijeka-bazeni-kantrida-1536x1022.jpg 1536w\" sizes=\"auto, (max-width: 1920px) 100vw, 1920px\" \/><\/figure>\n\n\n\n<figure class=\"wp-block-image size-large\"><img loading=\"lazy\" decoding=\"async\" width=\"1920\" height=\"1280\" data-id=\"910\" src=\"https:\/\/rijekaoutdoor.com\/cms\/wp-content\/uploads\/2022\/03\/HIKE-setnica-Jasenovica-Riza.jpg\" alt=\"\u010cavle \u0161etnica Jasenovica\" class=\"wp-image-910\" srcset=\"https:\/\/rijekaoutdoor.com\/cms\/wp-content\/uploads\/2022\/03\/HIKE-setnica-Jasenovica-Riza.jpg 1920w, https:\/\/rijekaoutdoor.com\/cms\/wp-content\/uploads\/2022\/03\/HIKE-setnica-Jasenovica-Riza-1280x853.jpg 1280w, https:\/\/rijekaoutdoor.com\/cms\/wp-content\/uploads\/2022\/03\/HIKE-setnica-Jasenovica-Riza-768x512.jpg 768w, https:\/\/rijekaoutdoor.com\/cms\/wp-content\/uploads\/2022\/03\/HIKE-setnica-Jasenovica-Riza-1536x1024.jpg 1536w\" sizes=\"auto, (max-width: 1920px) 100vw, 1920px\" \/><\/figure>\n\n\n\n<figure class=\"wp-block-image size-large\"><img loading=\"lazy\" decoding=\"async\" width=\"1920\" height=\"910\" data-id=\"563\" src=\"https:\/\/rijekaoutdoor.com\/cms\/wp-content\/uploads\/2022\/04\/jelenje-rimski-zid-jelenje-06.jpg\" alt=\"J\" class=\"wp-image-563\" srcset=\"https:\/\/rijekaoutdoor.com\/cms\/wp-content\/uploads\/2022\/04\/jelenje-rimski-zid-jelenje-06.jpg 1920w, https:\/\/rijekaoutdoor.com\/cms\/wp-content\/uploads\/2022\/04\/jelenje-rimski-zid-jelenje-06-1280x607.jpg 1280w, https:\/\/rijekaoutdoor.com\/cms\/wp-content\/uploads\/2022\/04\/jelenje-rimski-zid-jelenje-06-768x364.jpg 768w, https:\/\/rijekaoutdoor.com\/cms\/wp-content\/uploads\/2022\/04\/jelenje-rimski-zid-jelenje-06-1536x728.jpg 1536w\" sizes=\"auto, (max-width: 1920px) 100vw, 1920px\" \/><\/figure>\n<\/figure>\n\n\n\n<p>Jednom kada se ovdje zaustavite, otkrit \u0107ete da vam relativno mala, ali otvorena i gostoljubiva regija, u kojoj se susre\u0107u slojevita povijest, dinami\u010dna tradicija i \u017eiva svakodnevica, ima doista mnogo toga za ponuditi.<\/p>\n\n\n\n<h2 class=\"wp-block-heading\">\u0160etnja ili avantura?<\/h2>\n\n\n\n<p>Staze Rijeke i Rije\u010dkog prstena razlikuju se po lokaciji, du\u017eini, trajanju i te\u017eini. Brojnost smjerova i odredi\u0161ta, kao i kvalitetnih sadr\u017eaja uz staze, jednako \u0107e zadovoljiti pje\u0161ake, rekreativce i iskusne planinare.<\/p>\n\n\n\n<p>Za koju se god stazu odlu\u010dili, jedno je sigurno \u2013 bioraznolikost, o\u010duvana priroda te povijesne i kulturne posebnosti kraja bit \u0107e itekako dobar izgovor da svoj boravak produ\u017eite za koji sat vi\u0161e<\/p>\n","protected":false},"excerpt":{"rendered":"<p>Rijeka i prsten Rijeka i Rije\u010dki prsten sa\u010dinjavaju jedinstvenu regiju koja iznena\u0111uje svojom prirodnom, povijesnom i kulturnom raznoliko\u0161\u0107u. Ugodna mediteranska klima je u mnogo\u010demu oblikovala nekada\u0161nji kraljevski grad Bakar, va\u017enu industrijsku luku Rijeku te \u0161armantna primorska mjesta Kraljevicu i Kostrenu, a blaga je kontinentalna klima doprinijela \u0161umovitosti Jelenja, Klane, Kastva, Vi\u0161kova i \u010cavala. U istome [&hellip;]<\/p>\n","protected":false},"author":1,"featured_media":1121,"parent":0,"menu_order":0,"comment_status":"closed","ping_status":"closed","template":"","meta":{"_acf_changed":false,"footnotes":""},"class_list":["post-1116","page","type-page","status-publish","has-post-thumbnail","hentry"],"acf":[],"featured_media_src":"https:\/\/rijekaoutdoor.com\/cms\/wp-content\/uploads\/2023\/01\/grobnik_dolcic_dejan_ban.jpg","jetpack_sharing_enabled":true,"wpml_current_locale":"hr","wpml_translations":{"en_US":{"locale":"en_US","id":1123,"slug":"about","post_title":"About","href":"https:\/\/rijekaoutdoor.com\/en\/about\/"}},"_links":{"self":[{"href":"https:\/\/rijekaoutdoor.com\/cms\/wp-json\/wp\/v2\/pages\/1116","targetHints":{"allow":["GET"]}}],"collection":[{"href":"https:\/\/rijekaoutdoor.com\/cms\/wp-json\/wp\/v2\/pages"}],"about":[{"href":"https:\/\/rijekaoutdoor.com\/cms\/wp-json\/wp\/v2\/types\/page"}],"author":[{"embeddable":true,"href":"https:\/\/rijekaoutdoor.com\/cms\/wp-json\/wp\/v2\/users\/1"}],"replies":[{"embeddable":true,"href":"https:\/\/rijekaoutdoor.com\/cms\/wp-json\/wp\/v2\/comments?post=1116"}],"version-history":[{"count":5,"href":"https:\/\/rijekaoutdoor.com\/cms\/wp-json\/wp\/v2\/pages\/1116\/revisions"}],"predecessor-version":[{"id":1309,"href":"https:\/\/rijekaoutdoor.com\/cms\/wp-json\/wp\/v2\/pages\/1116\/revisions\/1309"}],"wp:featuredmedia":[{"embeddable":true,"href":"https:\/\/rijekaoutdoor.com\/cms\/wp-json\/wp\/v2\/media\/1121"}],"wp:attachment":[{"href":"https:\/\/rijekaoutdoor.com\/cms\/wp-json\/wp\/v2\/media?parent=1116"}],"curies":[{"name":"wp","href":"https:\/\/api.w.org\/{rel}","templated":true}]}}