{"id":601,"date":"2022-04-13T10:42:58","date_gmt":"2022-04-13T08:42:58","guid":{"rendered":"https:\/\/rijekaoutdoor.com\/cms\/?page_id=601"},"modified":"2022-04-13T10:43:34","modified_gmt":"2022-04-13T08:43:34","slug":"impresum","status":"publish","type":"page","link":"https:\/\/rijekaoutdoor.com\/impresum\/","title":{"rendered":"Impresum"},"content":{"rendered":"\n<p>Rijeka Outdoor je zajedni\u010dki projekt turisti\u010dkih zajednica rije\u010dkog prstena i Op\u0107ine Klana. <\/p>\n\n\n\n<ul class=\"wp-block-list\"><li><a href=\"https:\/\/www.kastav-touristinfo.hr\/\" target=\"_blank\" rel=\"noreferrer noopener\">Turisti\u010dka zajednica grada Kastva<\/a><\/li><li><a href=\"https:\/\/www.klana.hr\/\" target=\"_blank\" rel=\"noreferrer noopener\">Op\u0107ina Klana<\/a><\/li><li><a href=\"https:\/\/visitviskovo.hr\/\" target=\"_blank\" rel=\"noreferrer noopener\">Turisti\u010dka zajednica op\u0107ine Vi\u0161kovo<\/a><\/li><li><a href=\"https:\/\/visitrijeka.hr\/\" target=\"_blank\" rel=\"noreferrer noopener\">Turisti\u010dka zajednica grada Rijeke<\/a><\/li><li><a href=\"https:\/\/www.visitjelenje.hr\/\">Turisti\u010dka zajednica op\u0107ine Jelenje<\/a><\/li><li><a href=\"https:\/\/tz-cavle.hr\/\" target=\"_blank\" rel=\"noreferrer noopener\">Turisti\u010dka zajednica op\u0107ine \u010cavle<\/a><\/li><li><a href=\"http:\/\/tzo-kostrena.hr\/\" target=\"_blank\" rel=\"noreferrer noopener\">Turisti\u010dka zajednica op\u0107ine Kostrena<\/a><\/li><li><a href=\"https:\/\/www.tz-bakar.hr\/\" target=\"_blank\" rel=\"noreferrer noopener\">Turisti\u010dka zajednica grada Bakra<\/a><\/li><li><a href=\"https:\/\/www.tzg-kraljevica.hr\/\">Turisti\u010dka zajednica grada Kraljevice<\/a><\/li><\/ul>\n\n\n\n<h3 class=\"wp-block-heading\">Fotografije<\/h3>\n\n\n\n<p>Kori\u0161tene su fotografije iz arhiva turisti\u010dkih zajednica. <\/p>\n\n\n\n<h3 class=\"wp-block-heading\">Biciklisti\u010dke rute, \u0161etnice i pje\u0161a\u010dke staze<\/h3>\n\n\n\n<p>Podatke biciklisti\u010dkih ruta, \u0161etnica i pje\u0161a\u010dkih staza, opise i GPS zapise kreirao je <strong>Promotiv Travel<\/strong> &#8211; <a rel=\"noreferrer noopener\" href=\"https:\/\/www.promotiv-turizam.hr\/\" target=\"_blank\">promotiv-turizam.hr<\/a><\/p>\n","protected":false},"excerpt":{"rendered":"<p>Rijeka Outdoor je zajedni\u010dki projekt turisti\u010dkih zajednica rije\u010dkog prstena i Op\u0107ine Klana. Turisti\u010dka zajednica grada Kastva Op\u0107ina Klana Turisti\u010dka zajednica op\u0107ine Vi\u0161kovo Turisti\u010dka zajednica grada Rijeke Turisti\u010dka zajednica op\u0107ine Jelenje Turisti\u010dka zajednica op\u0107ine \u010cavle Turisti\u010dka zajednica op\u0107ine Kostrena Turisti\u010dka zajednica grada Bakra Turisti\u010dka zajednica grada Kraljevice Fotografije Kori\u0161tene su fotografije iz arhiva turisti\u010dkih zajednica. Biciklisti\u010dke [&hellip;]<\/p>\n","protected":false},"author":1,"featured_media":0,"parent":0,"menu_order":0,"comment_status":"closed","ping_status":"closed","template":"","meta":{"_acf_changed":false,"footnotes":""},"class_list":["post-601","page","type-page","status-publish","hentry"],"acf":[],"featured_media_src":"https:\/\/rijekaoutdoor.com\/cms\/wp-includes\/images\/media\/default.svg","jetpack_sharing_enabled":true,"wpml_current_locale":"hr","wpml_translations":[],"_links":{"self":[{"href":"https:\/\/rijekaoutdoor.com\/cms\/wp-json\/wp\/v2\/pages\/601","targetHints":{"allow":["GET"]}}],"collection":[{"href":"https:\/\/rijekaoutdoor.com\/cms\/wp-json\/wp\/v2\/pages"}],"about":[{"href":"https:\/\/rijekaoutdoor.com\/cms\/wp-json\/wp\/v2\/types\/page"}],"author":[{"embeddable":true,"href":"https:\/\/rijekaoutdoor.com\/cms\/wp-json\/wp\/v2\/users\/1"}],"replies":[{"embeddable":true,"href":"https:\/\/rijekaoutdoor.com\/cms\/wp-json\/wp\/v2\/comments?post=601"}],"version-history":[{"count":2,"href":"https:\/\/rijekaoutdoor.com\/cms\/wp-json\/wp\/v2\/pages\/601\/revisions"}],"predecessor-version":[{"id":603,"href":"https:\/\/rijekaoutdoor.com\/cms\/wp-json\/wp\/v2\/pages\/601\/revisions\/603"}],"wp:attachment":[{"href":"https:\/\/rijekaoutdoor.com\/cms\/wp-json\/wp\/v2\/media?parent=601"}],"curies":[{"name":"wp","href":"https:\/\/api.w.org\/{rel}","templated":true}]}}